{"id":1968,"date":"2022-01-28T07:48:12","date_gmt":"2022-01-28T06:48:12","guid":{"rendered":"https:\/\/luxmusic.it\/privacy-policy\/"},"modified":"2023-05-30T11:49:14","modified_gmt":"2023-05-30T09:49:14","slug":"privacy-policy","status":"publish","type":"page","link":"https:\/\/luxmusic.it\/en\/privacy-policy\/","title":{"rendered":"Privacy Policy"},"content":{"rendered":"\t\t<div data-elementor-type=\"wp-page\" data-elementor-id=\"1968\" class=\"elementor elementor-1968 elementor-3\" data-elementor-post-type=\"page\">\n\t\t\t\t\t\t<section class=\"elementor-section elementor-top-section elementor-element elementor-element-41e8333 elementor-section-boxed elementor-section-height-default elementor-section-height-default\" data-id=\"41e8333\" data-element_type=\"section\" data-settings=\"{&quot;background_background&quot;:&quot;classic&quot;}\">\n\t\t\t\t\t\t<div class=\"elementor-container elementor-column-gap-no\">\n\t\t\t\t\t<div class=\"elementor-column elementor-col-100 elementor-top-column elementor-element elementor-element-38c5435\" data-id=\"38c5435\" data-element_type=\"column\">\n\t\t\t<div class=\"elementor-widget-wrap elementor-element-populated\">\n\t\t\t\t\t\t\t<\/div>\n\t\t<\/div>\n\t\t\t\t\t<\/div>\n\t\t<\/section>\n\t\t\t\t<section class=\"elementor-section elementor-top-section elementor-element elementor-element-629e7b20 elementor-section-boxed elementor-section-height-default elementor-section-height-default\" data-id=\"629e7b20\" data-element_type=\"section\">\n\t\t\t\t\t\t<div class=\"elementor-container elementor-column-gap-default\">\n\t\t\t\t\t<div class=\"elementor-column elementor-col-100 elementor-top-column elementor-element elementor-element-7d52e32a\" data-id=\"7d52e32a\" data-element_type=\"column\">\n\t\t\t<div class=\"elementor-widget-wrap elementor-element-populated\">\n\t\t\t\t\t\t<div class=\"elementor-element elementor-element-115cf09e elementor-widget elementor-widget-text-editor\" data-id=\"115cf09e\" data-element_type=\"widget\" data-widget_type=\"text-editor.default\">\n\t\t\t\t<div class=\"elementor-widget-container\">\n\t\t\t\t\t\t\t<p><strong>TITOLARE E RESPONSABILI DEL TRATTAMENTO<\/strong><\/p>\n<p>Il Titolare del trattamento dei dati personali raccolti mediante il sito www.luxmusic.it (di seguito \u201dSito\u201d) \u00e8 Lavinia Beni (di seguito \u201cTitolare\u201d), Via del Pozzo Rosso, 17, Signa &#8211; Firenze.<\/p>\n<p>Questo documento ha lo scopo di illustrare in che modo tali dati personali saranno trattati nell\u2019ambito dell\u2019utilizzo del Sito, fornendo le informazioni necessarie affinch\u00e9 l\u2019utente, qualora richiesto dalla normativa applicabile, possa anche esprimere un consenso esplicito ed informato ai trattamenti.<\/p>\n<p>I dati personali raccolti tramite il Sito potranno essere trattati da terzi, fornitori di servizi che agiscono per conto del Titolare, nominati quali Responsabili del trattamento, che tratteranno i dati in conformit\u00e0 allo scopo per cui i dati sono stati raccolti.<\/p>\n<p> <\/p>\n<p><strong>NECESSIT\u00c0 ED ESSENZIALIT\u00c0 DEI DATI<\/strong><\/p>\n<p>Tramite questo sito sono raccolti e memorizzati dati personali solo quando essenziale per il raggiungimento delle finalit\u00e0 dichiarate in questa Policy. Per gli utenti \u00e8 possibile consultare il sito senza registrarsi e senza essere identificati: in particolare, la raccolta di dati personali sar\u00e0 evitata quando le finalit\u00e0 perseguite nei singoli casi possano essere realizzate mediante l&#8217;uso di dati anonimi (come, ad esempio, nell\u2019analisi aggregata delle navigazioni sul sito, effettuata su base statistica con strumenti di web analytics ed evitando di analizzare le tracce di navigazione dei singoli utenti).<\/p>\n<p>Ogni informazione o dato personale sar\u00e0 trattato secondo i principi, internazionalmente riconosciuti, di liceit\u00e0, correttezza, trasparenza, limitazione delle finalit\u00e0 e della conservazione, minimizzazione dei dati, esattezza, integrit\u00e0 e riservatezza.<\/p>\n<p> <\/p>\n<p><strong>MODALIT\u00c0 DI TRATTAMENTO E MISURE DI SICUREZZA<\/strong><\/p>\n<p>I dati personali degli utenti verranno trattati con modalit\u00e0 automatizzate per il tempo e nella misura necessaria a conseguire i singoli scopi per cui sono stati raccolti.<\/p>\n<p>Il Sito \u00e8 protetto da potenziali attacchi informatici e accessi abusivi con idonee misure di sicurezza, volte a garantire l\u2019integrit\u00e0, la riservatezza e la disponibilit\u00e0 sia dei dati presenti sul Sito, sia degli utenti che consultano il sito.<\/p>\n<p>Nonostante l\u2019impegno profuso per garantire una sicurezza adeguata, il Titolare non pu\u00f2 garantire ai propri utenti che le misure adottate per la sicurezza del Sito e della trasmissione dei dati e delle informazioni escludano totalmente qualsiasi rischio di accesso non autorizzato o di perdita dei dati. Gli utenti sono invitati a verificare che il loro computer o il loro device (es. smartphone, tablet) sia dotato di dispositivi tecnologici adeguati alla protezione della trasmissione in rete di dati, sia in entrata sia in uscita (come sistemi antivirus aggiornati) e che il loro fornitore di servizi Internet abbia adottato misure idonee per la sicurezza della trasmissione di dati in rete.<\/p>\n<p><strong> <\/strong><\/p>\n<p><strong>FINALIT\u00c0 DEL TRATTAMENTO<\/strong><\/p>\n<p>I dati personali degli utenti saranno trattati per:<\/p>\n<ul>\n<li>1) rispondere a richieste di informazioni circa i servizi offerti da parte degli utenti;<\/li>\n<li>2) assolvere ad eventuali obblighi di legge.<\/li>\n<\/ul>\n<p> <\/p>\n<p> <\/p>\n<p><strong>BASE LEGALE E NATURA OBBLIGATORIA O FACOLTATIVA DEL CONFERIMENTO DEI DATI<\/strong><\/p>\n<p>Per le finalit\u00e0 di cui al numero 1), il trattamento \u00e8 necessario all\u2019esecuzione di un contratto di cui l\u2019interessato \u00e8 parte o all\u2019esecuzione di misure precontrattuali adottate su richiesta dello stesso, ex art.6, c.1 lett. b) del Regolamento UE 2016\/679 (di seguito anche \u201cGDPR\u201d). Il conferimento dei dati da parte degli utenti \u00e8 facoltativo, ma in mancanza di esso non potranno essere soddisfatte le richieste di informazioni, di materiali e di contatto.<\/p>\n<p>La finalit\u00e0 del numero 2) trova la sua base giuridica nell\u2019art. 6, c.1 lett.c) del GDPR ed il trattamento dei dati, qualora conferiti, \u00e8 necessario per adempiere ad un obbligo legale.<\/p>\n<p><strong> <\/strong><\/p>\n<p><strong>TIPOLOGIA DI DATI<\/strong><\/p>\n<p>I dati personali degli utenti che contattano il Titolare, tramite apposito form presente sul Sito, sono i dati di contatto (come nome, cognome, indirizzo di posta elettronica e numero di telefono) e quelli eventualmente contenuti nel campo del messaggio liberamente compilabile.<\/p>\n<p>Dati personali degli utenti sono anche le informazioni che consentono di identificare l&#8217;interessato solo in forma indiretta e in caso di necessit\u00e0, ad esempio per una richiesta della magistratura e delle Forze di Polizia (come, ad esempio, i dati che permettono di associare attivit\u00e0 e navigazioni sul sito di un utente anonimo all\u2019indirizzo IP, cio\u00e8 l\u2019Internet Protocol che costituisce un identificativo del computer o del device (es. smartphone, tablet) da cui sono state effettuate le navigazioni o le attivit\u00e0 sul sito).<\/p>\n<p> <\/p>\n<p><strong>CATEGORIE DI DESTINATARI DEI DATI<\/strong><\/p>\n<p>Per le finalit\u00e0 del trattamento descritte sopra, i dati personali degli utenti potranno essere condivisi con le seguenti categorie di destinatari:<\/p>\n<ul>\n<li>responsabili del trattamento debitamente nominati dal Titolare, quali soggetti che prestino servizi a questo in materia amministrativa, legale, tecnologica etc.;<\/li>\n<li>dipendenti e collaboratori del titolare, soggetti ad un obbligo di riservatezza;<\/li>\n<li>soggetti vari a cui la comunicazione sia imposta per legge (ad es. pubblica autorit\u00e0)<\/li>\n<\/ul>\n<p><strong> <\/strong><\/p>\n<p><strong>TRASFERIMENTI DEI DATI PERSONALI A PAESI TERZI<\/strong><\/p>\n<p>I dati personali degli utenti non sono normalmente condivisi con soggetti che si trovino al di fuori dello Spazio Economico Europeo.<\/p>\n<p>Qualora ci\u00f2 dovesse accadere, il Titolare assicura che il trasferimento avverr\u00e0 sulla base del rispetto di una decisione di adeguatezza della Commissione Europea, delle Standard Contractual Clauses approvate dalla Commissione Europea o su diversa idonea base giuridica.<\/p>\n<p><strong> <\/strong><\/p>\n<p><strong>TEMPI DI CONSERVAZIONE DEI DATI<\/strong><\/p>\n<p>In relazione alle finalit\u00e0 di cui al numero 1), i dati personali saranno conservati per il tempo strettamente necessario al raggiungimento delle stesse, nonch\u00e9 per permettere al Titolare di tutelare i propri diritti ed interessi in sede legale, per il tempo massimo previsto dalla normativa applicabile e coincidente con il termine di prescrizione delle azioni legali esperibili.<\/p>\n<p>Per quanto riguarda i dati raccolti per la finalit\u00e0 numero 2), essi saranno conservati per il tempo previsto dallo specifico obbligo o norma di legge applicabile.<\/p>\n<p> <\/p>\n<p><strong>ACCESSO AI DATI ED ESERCIZIO DEI DIRITTI IN MATERIA DI PROTEZIONE DEI DATI<\/strong><\/p>\n<p>Ai sensi del Regolamento UE 679\/2016, gli interessati hanno il diritto in qualunque momento di ottenere la conferma dell&#8217;esistenza o meno dei medesimi dati e di conoscerne il contenuto e l&#8217;origine, verificarne l&#8217;esattezza o chiedere di integrarli, aggiornarli, oppure rettificarli. I soggetti cui si riferiscono i dati personali hanno, inoltre, il diritto di chiedere la cancellazione, la trasformazione in forma anonima o la limitazione del trattamento, la portabilit\u00e0 dei dati in un formato di uso comune e leggibile, nonch\u00e9 di opporsi in ogni caso al loro trattamento.<\/p>\n<p>Chi voglia esercitare i suddetti diritti, pu\u00f2 contattare il Titolare scrivendo all\u2019indirizzo Via del Pozzo Rosso, 17, Signa &#8211; Firenze, oppure inviando una mail all\u2019indirizzo info@luxmusic.it<\/p>\n<p> <\/p>\n<p><strong>TUTELA<\/strong><\/p>\n<p><strong> <\/strong><\/p>\n<p>Chi ravvisasse una violazione dei suoi diritti pu\u00f2 rivolgersi all\u2019Autorit\u00e0 di controllo competente ai sensi dell\u2019art. 77 del Regolamento UE 679\/2016. Resta salva la possibilit\u00e0 di ricorrere all\u2019Autorit\u00e0 giudiziaria.<\/p>\n<p> <\/p>\n<p> <\/p>\t\t\t\t\t\t<\/div>\n\t\t\t\t<\/div>\n\t\t\t\t\t<\/div>\n\t\t<\/div>\n\t\t\t\t\t<\/div>\n\t\t<\/section>\n\t\t\t\t<\/div>\n\t\t","protected":false},"excerpt":{"rendered":"<p>TITOLARE E RESPONSABILI DEL TRATTAMENTO Il Titolare del trattamento dei dati personali raccolti mediante il sito www.luxmusic.it (di seguito \u201dSito\u201d) \u00e8 Lavinia Beni (di seguito \u201cTitolare\u201d), Via del Pozzo Rosso, 17, Signa &#8211; Firenze. Questo documento ha lo scopo di illustrare in che modo tali dati personali saranno trattati nell\u2019ambito dell\u2019utilizzo del Sito, fornendo le [&hellip;]<\/p>\n","protected":false},"author":1,"featured_media":0,"parent":0,"menu_order":0,"comment_status":"closed","ping_status":"closed","template":"elementor_header_footer","meta":{"rank_math_lock_modified_date":false,"site-sidebar-layout":"no-sidebar","site-content-layout":"page-builder","ast-site-content-layout":"","site-content-style":"default","site-sidebar-style":"default","ast-global-header-display":"","ast-banner-title-visibility":"","ast-main-header-display":"","ast-hfb-above-header-display":"","ast-hfb-below-header-display":"","ast-hfb-mobile-header-display":"","site-post-title":"","ast-breadcrumbs-content":"","ast-featured-img":"","footer-sml-layout":"","theme-transparent-header-meta":"","adv-header-id-meta":"","stick-header-meta":"","header-above-stick-meta":"","header-main-stick-meta":"","header-below-stick-meta":"","astra-migrate-meta-layouts":"default","ast-page-background-enabled":"default","ast-page-background-meta":{"desktop":{"background-color":"","background-image":"","background-repeat":"repeat","background-position":"center center","background-size":"auto","background-attachment":"scroll","background-type":"","background-media":"","overlay-type":"","overlay-color":"","overlay-opacity":"","overlay-gradient":""},"tablet":{"background-color":"","background-image":"","background-repeat":"repeat","background-position":"center center","background-size":"auto","background-attachment":"scroll","background-type":"","background-media":"","overlay-type":"","overlay-color":"","overlay-opacity":"","overlay-gradient":""},"mobile":{"background-color":"","background-image":"","background-repeat":"repeat","background-position":"center center","background-size":"auto","background-attachment":"scroll","background-type":"","background-media":"","overlay-type":"","overlay-color":"","overlay-opacity":"","overlay-gradient":""}},"ast-content-background-meta":{"desktop":{"background-color":"var(--ast-global-color-5)","background-image":"","background-repeat":"repeat","background-position":"center center","background-size":"auto","background-attachment":"scroll","background-type":"","background-media":"","overlay-type":"","overlay-color":"","overlay-opacity":"","overlay-gradient":""},"tablet":{"background-color":"var(--ast-global-color-5)","background-image":"","background-repeat":"repeat","background-position":"center center","background-size":"auto","background-attachment":"scroll","background-type":"","background-media":"","overlay-type":"","overlay-color":"","overlay-opacity":"","overlay-gradient":""},"mobile":{"background-color":"var(--ast-global-color-5)","background-image":"","background-repeat":"repeat","background-position":"center center","background-size":"auto","background-attachment":"scroll","background-type":"","background-media":"","overlay-type":"","overlay-color":"","overlay-opacity":"","overlay-gradient":""}},"footnotes":""},"class_list":["post-1968","page","type-page","status-publish","hentry"],"_links":{"self":[{"href":"https:\/\/luxmusic.it\/en\/wp-json\/wp\/v2\/pages\/1968","targetHints":{"allow":["GET"]}}],"collection":[{"href":"https:\/\/luxmusic.it\/en\/wp-json\/wp\/v2\/pages"}],"about":[{"href":"https:\/\/luxmusic.it\/en\/wp-json\/wp\/v2\/types\/page"}],"author":[{"embeddable":true,"href":"https:\/\/luxmusic.it\/en\/wp-json\/wp\/v2\/users\/1"}],"replies":[{"embeddable":true,"href":"https:\/\/luxmusic.it\/en\/wp-json\/wp\/v2\/comments?post=1968"}],"version-history":[{"count":3,"href":"https:\/\/luxmusic.it\/en\/wp-json\/wp\/v2\/pages\/1968\/revisions"}],"predecessor-version":[{"id":1971,"href":"https:\/\/luxmusic.it\/en\/wp-json\/wp\/v2\/pages\/1968\/revisions\/1971"}],"wp:attachment":[{"href":"https:\/\/luxmusic.it\/en\/wp-json\/wp\/v2\/media?parent=1968"}],"curies":[{"name":"wp","href":"https:\/\/api.w.org\/{rel}","templated":true}]}}