{"id":1965,"date":"2022-02-16T10:10:03","date_gmt":"2022-02-16T09:10:03","guid":{"rendered":"https:\/\/luxmusic.it\/cookie-policy\/"},"modified":"2023-05-30T11:47:27","modified_gmt":"2023-05-30T09:47:27","slug":"cookie-policy","status":"publish","type":"page","link":"https:\/\/luxmusic.it\/en\/cookie-policy\/","title":{"rendered":"Cookie Policy"},"content":{"rendered":"\t\t<div data-elementor-type=\"wp-page\" data-elementor-id=\"1965\" class=\"elementor elementor-1965 elementor-1164\" data-elementor-post-type=\"page\">\n\t\t\t\t\t\t<section class=\"elementor-section elementor-top-section elementor-element elementor-element-746c3e7 elementor-section-boxed elementor-section-height-default elementor-section-height-default\" data-id=\"746c3e7\" data-element_type=\"section\" data-settings=\"{&quot;background_background&quot;:&quot;classic&quot;}\">\n\t\t\t\t\t\t<div class=\"elementor-container elementor-column-gap-no\">\n\t\t\t\t\t<div class=\"elementor-column elementor-col-100 elementor-top-column elementor-element elementor-element-31d1e40\" data-id=\"31d1e40\" data-element_type=\"column\">\n\t\t\t<div class=\"elementor-widget-wrap elementor-element-populated\">\n\t\t\t\t\t\t\t<\/div>\n\t\t<\/div>\n\t\t\t\t\t<\/div>\n\t\t<\/section>\n\t\t\t\t<section class=\"elementor-section elementor-top-section elementor-element elementor-element-c87371d elementor-section-boxed elementor-section-height-default elementor-section-height-default\" data-id=\"c87371d\" data-element_type=\"section\">\n\t\t\t\t\t\t<div class=\"elementor-container elementor-column-gap-default\">\n\t\t\t\t\t<div class=\"elementor-column elementor-col-100 elementor-top-column elementor-element elementor-element-e18a246\" data-id=\"e18a246\" data-element_type=\"column\">\n\t\t\t<div class=\"elementor-widget-wrap elementor-element-populated\">\n\t\t\t\t\t\t<div class=\"elementor-element elementor-element-a939ad2 elementor-widget elementor-widget-text-editor\" data-id=\"a939ad2\" data-element_type=\"widget\" data-widget_type=\"text-editor.default\">\n\t\t\t\t<div class=\"elementor-widget-container\">\n\t\t\t\t\t\t\t<p>Questo documento (\u201cCookie Policy\u201d) integra, con informazioni di dettaglio sui cookie serviti da www.luxmusic.it (di seguito\u201dSito\u201d) la pi\u00f9 ampia informativa (\u201cPrivacy Policy\u201d) sul Sito disponibile <a href=\"http:\/\/luxmusic.it\/privacy-policy\/\">qui<\/a> ed a pi\u00e8 di pagina, alla quale si rimanda.<\/p>\n<p><strong>&nbsp;<\/strong><strong style=\"font-style: inherit; background-color: var(--ast-global-color-4); color: var(--ast-global-color-3);\">COSA SONO I COOKIE<\/strong><\/p>\n<p>Il Sito fa uso di cookie, piccoli file di testo formati da lettere e numeri, che i siti visitati dall&#8217;utente<em> inviano al suo terminale (solitamente al browser), dove vengono memorizzati per essere poi ritrasmessi agli stessi siti alla successiva visita del medesimo utente<\/em>. I cookie hanno la funzione di snellire l&#8217;analisi del traffico sul web o di segnalare quando un sito specifico o una parte di esso vengono visitati, di distinguere tra loro i visitatori per poter fornire contenuti personalizzati, ed aiutano gli amministratori a migliorare il sito e l\u2019esperienza di navigazione degli utenti stessi.<\/p>\n<p>Attraverso i cookie non possiamo accedere ad altre informazioni memorizzate sul vostro dispositivo, anche se \u00e8 qui che i cookie vengono scaricati. I cookie non possono caricare codici di alcun tipo, veicolare virus o malware e non sono dannosi per il terminale dell\u2019utente.<\/p>\n<p>Di seguito \u00e8 possibile trovare tutte le informazioni sui cookie installati attraverso questo sito, e le indicazioni necessarie su come gestire le proprie preferenze a riguardo.<\/p>\n<p><strong>&nbsp;<\/strong><\/p>\n<p><strong>CONSENSO DELL\u2019UTENTE<\/strong><\/p>\n<p>Collegandosi per la prima volta ad una qualunque pagina del Sito, l\u2019utente vedr\u00e0 apparire una sintetica informativa sull\u2019utilizzo dei cookie. Chiudendo tale informativa tramite l\u2019apposito tasto o cliccando al di fuori del banner che la contiene e proseguendo nella navigazione, l\u2019utente acconsente al nostro utilizzo dei cookie, secondo le modalit\u00e0 descritte nella presente Cookie Policy.<\/p>\n<p>Il Sito ricorda la scelta effettuata dall\u2019utente, pertanto l\u2019informativa breve non verr\u00e0 riproposta nei collegamenti successivi dallo stesso dispositivo. Tuttavia, l\u2019utente ha sempre la possibilit\u00e0 di revocare in tutto o in parte il consenso gi\u00e0 espresso.<\/p>\n<p>Qualora si riscontrassero problemi di natura tecnica legati alla prestazione del consenso, vi preghiamo di contattarci tramite gli appositi canali previsti da questo sito per consentici di prestarvi assistenza.<\/p>\n<p><strong>&nbsp;<\/strong><\/p>\n<p><strong>Quali tipi di cookie utilizziamo<\/strong><\/p>\n<p>L\u2019utilizzo di cookie da parte del Titolare di questo sito si inquadra nella <strong>Privacy Policy<\/strong> dello stesso; per tutte le informazioni richieste dagli artt. 13 e 14 del Regolamento UE 679\/2016 clicca <a href=\"http:\/\/luxmusic.it\/privacy-policy\/\"><strong>qui<\/strong><\/a><\/p>\n<p>Per consentire la fruizione del nostro Sito e l\u2019erogazione dei nostri servizi, facciamo uso sia di cosiddetti cookie persistenti (cio\u00e8 cookie che rimangono in memoria fino a quando non sono eliminati manualmente dall\u2019utente o per i quali \u00e8 prevista una rimozione programmata a lungo termine) sia di cosiddetti cookie di sessione, che non sono memorizzati in modo persistente sul computer del visitatore e scompaiono con la chiusura del browser.<\/p>\n<p>In particolare i cookie possono essere:<\/p>\n<ul>\n<li>Cookie tecnici di navigazione o sessione e strettamente necessari per il funzionamento del Sito o per consentirle di usufruire dei contenuti e dei servizi richiesti.<\/li>\n<li>Cookie di funzionalit\u00e0, cio\u00e8 utilizzati per attivare specifiche funzionalit\u00e0 del Sito e una serie di criteri selezionati (ad esempio, la lingua) al fine di migliorare il servizio reso (ATTENZIONE: disabilitando i cookie tecnici e\/o di funzionalit\u00e0 il Sito potrebbe risultare non consultabile o alcuni servizi o determinate funzioni del Sito potrebbero risultare non disponibili o non funzionare correttamente e potresti essere costretto a modificare o a inserire manualmente alcune informazioni o preferenze ogni volta che visiter\u00e0 il Sito).<\/li>\n<li>Cookie di terze parti, cio\u00e8 cookie di siti o di web server diversi da quello di luxmusic.it, utilizzati per finalit\u00e0 proprie di dette parti terze. Si precisa che tali soggetti terzi, di seguito elencati con i relativi collegamenti alle politiche sulla privacy, sono tipicamente autonomi titolari del trattamento dei dati raccolti attraverso i cookie da essi serviti; pertanto, dovr\u00e0 fare riferimento alle loro politiche di trattamento di dati personali, informative e moduli di consenso (selezione e de-selezione dei rispettivi cookie). Per quanto concerne le terze parti che inviano cookie tramite il nostro Sito, forniamo di seguito i link alle rispettive informative privacy: a tali terze parti demandiamo, come gi\u00e0 precisato, la responsabilit\u00e0 di fornire l&#8217;informativa e raccogliere il suo consenso, come previsto dalla normativa. Detta responsabilit\u00e0 \u00e8 da riferirsi non solo ai cookie che le terze parti inviano direttamente, ma anche ad eventuali ulteriori cookie che vengono inviati tramite il nostro Sito in virt\u00f9 dell&#8217;utilizzo di servizi di cui le terze parti stesse fruiscono. Rispetto a tali cookie infatti, inviati da fornitori di servizi delle citate terze parti, luxmusic.it non ha la possibilit\u00e0 di esercitare alcun controllo e non ne conosce n\u00e9 le caratteristiche n\u00e9 le finalit\u00e0.<\/li>\n<\/ul>\n<p>Di seguito i link alle informazioni sui cookie di terze parti:&nbsp;<\/p>\n<p><\/p>\n<p>Google:&nbsp;<a href=\"https:\/\/policies.google.com\/privacy?hl=it-it\" target=\"_blank\" rel=\"noopener\">https:\/\/policies.google.com\/privacy?hl=it-it<\/a>&nbsp;&nbsp;&nbsp;&nbsp;&nbsp;&nbsp;&nbsp;&nbsp;&nbsp;&nbsp;&nbsp;&nbsp;&nbsp;&nbsp;&nbsp;&nbsp;&nbsp;&nbsp;&nbsp;&nbsp;&nbsp;&nbsp;&nbsp;<\/p>\n<p>_________&nbsp;&nbsp;&nbsp;&nbsp;&nbsp;&nbsp;&nbsp;&nbsp;&nbsp;&nbsp;&nbsp;&nbsp;&nbsp;&nbsp;&nbsp;&nbsp;&nbsp;&nbsp;&nbsp;&nbsp;&nbsp;&nbsp;&nbsp;&nbsp;&nbsp;<\/p>\n<p>________&nbsp;&nbsp;&nbsp;&nbsp;&nbsp;&nbsp;&nbsp;&nbsp;&nbsp;&nbsp;&nbsp;&nbsp;&nbsp;&nbsp;&nbsp;&nbsp;&nbsp;&nbsp;&nbsp;&nbsp;&nbsp;&nbsp;&nbsp;&nbsp;&nbsp;&nbsp;&nbsp;<\/p>\n<p><\/p>\n<p>I cookie inviati dal Sito sono i seguenti:<\/p>\n<p><\/p>\n<table>\n<tbody>\n<tr>\n<td width=\"126\">\n<p><strong>Nome Tecnico<\/strong><\/p>\n<\/td>\n<td width=\"113\">\n<p><strong>Scopo<\/strong><\/p>\n<\/td>\n<td width=\"104\">\n<p><strong>Tipo di Cookie<\/strong><\/p>\n<\/td>\n<td width=\"105\">\n<p><strong>Scadenza<\/strong><\/p>\n<\/td>\n<td width=\"193\">\n<p><strong>Dominio<\/strong><\/p>\n<\/td>\n<\/tr>\n<tr>\n<td width=\"126\">&nbsp;<\/td>\n<td width=\"113\">\n<p>Es. Analisi aggregata delle visite sul video<\/p>\n<\/td>\n<td width=\"104\">\n<p>Es.Cookie di terze parti<\/p>\n<\/td>\n<td width=\"105\">\n<p>Es. 6 mesi<\/p>\n<\/td>\n<td width=\"193\">\n<p>.google.com\/.google.it<\/p>\n<\/td>\n<\/tr>\n<tr>\n<td width=\"126\">&nbsp;<\/td>\n<td width=\"113\">&nbsp;<\/td>\n<td width=\"104\">&nbsp;<\/td>\n<td width=\"105\">&nbsp;<\/td>\n<td width=\"193\">&nbsp;<\/td>\n<\/tr>\n<tr>\n<td width=\"126\">&nbsp;<\/td>\n<td width=\"113\">&nbsp;<\/td>\n<td width=\"104\">&nbsp;<\/td>\n<td width=\"105\">&nbsp;<\/td>\n<td width=\"193\">&nbsp;<\/td>\n<\/tr>\n<tr>\n<td width=\"126\">&nbsp;<\/td>\n<td width=\"113\">&nbsp;<\/td>\n<td width=\"104\">&nbsp;<\/td>\n<td width=\"105\">&nbsp;<\/td>\n<td width=\"193\">&nbsp;<\/td>\n<\/tr>\n<tr>\n<td width=\"126\">&nbsp;<\/td>\n<td width=\"113\">&nbsp;<\/td>\n<td width=\"104\">&nbsp;<\/td>\n<td width=\"105\">&nbsp;<\/td>\n<td width=\"193\">&nbsp;<\/td>\n<\/tr>\n<tr>\n<td width=\"126\">&nbsp;<\/td>\n<td width=\"113\">&nbsp;<\/td>\n<td width=\"104\">&nbsp;<\/td>\n<td width=\"105\">&nbsp;<\/td>\n<td width=\"193\">&nbsp;<\/td>\n<\/tr>\n<tr>\n<td width=\"126\">&nbsp;<\/td>\n<td width=\"113\">&nbsp;<\/td>\n<td width=\"104\">&nbsp;<\/td>\n<td width=\"105\">&nbsp;<\/td>\n<td width=\"193\">&nbsp;<\/td>\n<\/tr>\n<tr>\n<td width=\"126\">&nbsp;<\/td>\n<td width=\"113\">&nbsp;<\/td>\n<td width=\"104\">&nbsp;<\/td>\n<td width=\"105\">&nbsp;<\/td>\n<td width=\"193\">&nbsp;<\/td>\n<\/tr>\n<tr>\n<td width=\"126\">&nbsp;<\/td>\n<td width=\"113\">&nbsp;<\/td>\n<td width=\"104\">&nbsp;<\/td>\n<td width=\"105\">&nbsp;<\/td>\n<td width=\"193\">&nbsp;<\/td>\n<\/tr>\n<tr>\n<td width=\"126\">&nbsp;<\/td>\n<td width=\"113\">&nbsp;<\/td>\n<td width=\"104\">&nbsp;<\/td>\n<td width=\"105\">&nbsp;<\/td>\n<td width=\"193\">&nbsp;<\/td>\n<\/tr>\n<tr>\n<td width=\"126\">&nbsp;<\/td>\n<td width=\"113\">&nbsp;<\/td>\n<td width=\"104\">&nbsp;<\/td>\n<td width=\"105\">&nbsp;<\/td>\n<td width=\"193\">&nbsp;<\/td>\n<\/tr>\n<\/tbody>\n<\/table>\n<p><strong>&nbsp;<\/strong><\/p>\n<p><strong>Come configurare il proprio terminale<\/strong><\/p>\n<p>Qualora non fosse d\u2019accordo con l\u2019installazione dei cookie, l\u2019utente dovr\u00e0 configurare il browser in modo da disabilitare la ricezione dei cookie o non usare questo sito. Disabilitando i cookie per\u00f2, il sito o alcune sue funzioni potrebbero non operare correttamente.<\/p>\n<p>Per modificare le modalit\u00e0 di utilizzo dei cookie, per bloccarne la ricezione o ancora per eliminare i cookie presenti sul proprio terminale, \u00e8 sufficiente entrare nelle impostazioni del proprio browser.<\/p>\n<p>La maggior parte dei browser prevede la possibilit\u00e0 di accettare o rifiutare tutti i cookie o accettarne solo alcuni (ad esempio provenienti da specifici siti).<\/p>\n<p>Anche se attraverso passaggi simili, il metodo di configurazione del cookie varia per ciascun browser. Per avere dettagli in merito alla procedura da seguire l\u2019utente potr\u00e0 visitare il sito <a href=\"http:\/\/www.aboutcookies.org\" target=\"_blank\" rel=\"noopener\">www.aboutcookies.org<\/a> o consultare la sezione \u2018Aiuto\u2019 del proprio browser.<\/p>\n<p><\/p>\n<p>Per maggiori informazioni sui cookie e per gestire le tue preferenze sui cookie di terza parte ti invitiamo a visitare <a href=\"http:\/\/www.youronlinechoices.com\" target=\"_blank\" rel=\"noopener\">www.youronlinechoices.com<\/a>.<\/p>\n<p><\/p>\n<p><strong><em>Si pu\u00f2 utilizzare la seguente funzione per (dis)attivare i Cookie, che sono categorizzati secondo la loro tipologia:<\/em><\/strong><\/p>\n<p><\/p>\n<p><strong>Cookie Tecnici e di Sessione <\/strong><\/p>\n<p>[&nbsp; ] Attiva<\/p>\n<p>[&nbsp; ] Disattiva<\/p>\n<p><\/p>\n<p><strong>Cookie di funzionalit\u00e0<\/strong><\/p>\n<p>[&nbsp; ] Attiva<\/p>\n<p>[&nbsp; ] Disattiva<\/p>\n<p><strong>&nbsp;<\/strong><strong style=\"font-style: inherit; background-color: var(--ast-global-color-4); color: var(--ast-global-color-3);\">Cookie tipo Analytics<\/strong><\/p>\n<p>[&nbsp; ] Attiva<\/p>\n<p>[&nbsp; ] Disattiva<\/p>\n<p><\/p>\t\t\t\t\t\t<\/div>\n\t\t\t\t<\/div>\n\t\t\t\t\t<\/div>\n\t\t<\/div>\n\t\t\t\t\t<\/div>\n\t\t<\/section>\n\t\t\t\t<\/div>\n\t\t","protected":false},"excerpt":{"rendered":"<p>Questo documento (\u201cCookie Policy\u201d) integra, con informazioni di dettaglio sui cookie serviti da www.luxmusic.it (di seguito\u201dSito\u201d) la pi\u00f9 ampia informativa (\u201cPrivacy Policy\u201d) sul Sito disponibile qui ed a pi\u00e8 di pagina, alla quale si rimanda. &nbsp;COSA SONO I COOKIE Il Sito fa uso di cookie, piccoli file di testo formati da lettere e numeri, che [&hellip;]<\/p>\n","protected":false},"author":1,"featured_media":0,"parent":0,"menu_order":0,"comment_status":"closed","ping_status":"closed","template":"","meta":{"rank_math_lock_modified_date":false,"site-sidebar-layout":"no-sidebar","site-content-layout":"page-builder","ast-site-content-layout":"","site-content-style":"default","site-sidebar-style":"default","ast-global-header-display":"","ast-banner-title-visibility":"","ast-main-header-display":"","ast-hfb-above-header-display":"","ast-hfb-below-header-display":"","ast-hfb-mobile-header-display":"","site-post-title":"disabled","ast-breadcrumbs-content":"","ast-featured-img":"disabled","footer-sml-layout":"","theme-transparent-header-meta":"disabled","adv-header-id-meta":"","stick-header-meta":"","header-above-stick-meta":"","header-main-stick-meta":"","header-below-stick-meta":"","astra-migrate-meta-layouts":"default","ast-page-background-enabled":"default","ast-page-background-meta":{"desktop":{"background-color":"","background-image":"","background-repeat":"repeat","background-position":"center center","background-size":"auto","background-attachment":"scroll","background-type":"","background-media":"","overlay-type":"","overlay-color":"","overlay-opacity":"","overlay-gradient":""},"tablet":{"background-color":"","background-image":"","background-repeat":"repeat","background-position":"center center","background-size":"auto","background-attachment":"scroll","background-type":"","background-media":"","overlay-type":"","overlay-color":"","overlay-opacity":"","overlay-gradient":""},"mobile":{"background-color":"","background-image":"","background-repeat":"repeat","background-position":"center center","background-size":"auto","background-attachment":"scroll","background-type":"","background-media":"","overlay-type":"","overlay-color":"","overlay-opacity":"","overlay-gradient":""}},"ast-content-background-meta":{"desktop":{"background-color":"var(--ast-global-color-5)","background-image":"","background-repeat":"repeat","background-position":"center center","background-size":"auto","background-attachment":"scroll","background-type":"","background-media":"","overlay-type":"","overlay-color":"","overlay-opacity":"","overlay-gradient":""},"tablet":{"background-color":"var(--ast-global-color-5)","background-image":"","background-repeat":"repeat","background-position":"center center","background-size":"auto","background-attachment":"scroll","background-type":"","background-media":"","overlay-type":"","overlay-color":"","overlay-opacity":"","overlay-gradient":""},"mobile":{"background-color":"var(--ast-global-color-5)","background-image":"","background-repeat":"repeat","background-position":"center center","background-size":"auto","background-attachment":"scroll","background-type":"","background-media":"","overlay-type":"","overlay-color":"","overlay-opacity":"","overlay-gradient":""}},"footnotes":""},"class_list":["post-1965","page","type-page","status-publish","hentry"],"_links":{"self":[{"href":"https:\/\/luxmusic.it\/en\/wp-json\/wp\/v2\/pages\/1965","targetHints":{"allow":["GET"]}}],"collection":[{"href":"https:\/\/luxmusic.it\/en\/wp-json\/wp\/v2\/pages"}],"about":[{"href":"https:\/\/luxmusic.it\/en\/wp-json\/wp\/v2\/types\/page"}],"author":[{"embeddable":true,"href":"https:\/\/luxmusic.it\/en\/wp-json\/wp\/v2\/users\/1"}],"replies":[{"embeddable":true,"href":"https:\/\/luxmusic.it\/en\/wp-json\/wp\/v2\/comments?post=1965"}],"version-history":[{"count":1,"href":"https:\/\/luxmusic.it\/en\/wp-json\/wp\/v2\/pages\/1965\/revisions"}],"predecessor-version":[{"id":1967,"href":"https:\/\/luxmusic.it\/en\/wp-json\/wp\/v2\/pages\/1965\/revisions\/1967"}],"wp:attachment":[{"href":"https:\/\/luxmusic.it\/en\/wp-json\/wp\/v2\/media?parent=1965"}],"curies":[{"name":"wp","href":"https:\/\/api.w.org\/{rel}","templated":true}]}}